{"id":909,"date":"2023-06-14T19:43:47","date_gmt":"2023-06-14T17:43:47","guid":{"rendered":"https:\/\/www.lemondedezofia.fr\/?page_id=909"},"modified":"2023-06-14T19:49:05","modified_gmt":"2023-06-14T17:49:05","slug":"mentions-legales","status":"publish","type":"page","link":"https:\/\/www.lemondedezofia.fr\/index.php\/mentions-legales\/","title":{"rendered":"Mentions l\u00e9gales"},"content":{"rendered":"\t\t<div data-elementor-type=\"wp-page\" data-elementor-id=\"909\" class=\"elementor elementor-909\">\n\t\t\t\t<div class=\"elementor-element elementor-element-aa01858 e-flex e-con-boxed e-con e-parent\" data-id=\"aa01858\" data-element_type=\"container\" data-e-type=\"container\">\n\t\t\t\t\t<div class=\"e-con-inner\">\n\t\t\t\t<div class=\"elementor-element elementor-element-127a9ee exad-sticky-section-no exad-glass-effect-no elementor-widget elementor-widget-heading\" data-id=\"127a9ee\" data-element_type=\"widget\" data-e-type=\"widget\" data-widget_type=\"heading.default\">\n\t\t\t\t<div class=\"elementor-widget-container\">\n\t\t\t\t\t<h2 class=\"elementor-heading-title elementor-size-default\">Mentions l\u00e9gales<\/h2>\t\t\t\t<\/div>\n\t\t\t\t<\/div>\n\t\t\t\t<div class=\"elementor-element elementor-element-0a4bbd2 exad-sticky-section-no exad-glass-effect-no elementor-widget elementor-widget-heading\" data-id=\"0a4bbd2\" data-element_type=\"widget\" data-e-type=\"widget\" data-widget_type=\"heading.default\">\n\t\t\t\t<div class=\"elementor-widget-container\">\n\t\t\t\t\t<h2 class=\"elementor-heading-title elementor-size-default\">IDENTITE<\/h2>\t\t\t\t<\/div>\n\t\t\t\t<\/div>\n\t\t\t\t<div class=\"elementor-element elementor-element-23f95e5 exad-sticky-section-no exad-glass-effect-no elementor-widget elementor-widget-text-editor\" data-id=\"23f95e5\" data-element_type=\"widget\" data-e-type=\"widget\" data-widget_type=\"text-editor.default\">\n\t\t\t\t<div class=\"elementor-widget-container\">\n\t\t\t\t\t\t\t\t\t<div data-id=\"b8dac14\" data-element_type=\"widget\" data-widget_type=\"heading.default\"><div><h2 style=\"font-variant-numeric: inherit; font-variant-east-asian: inherit; font-variant-alternates: inherit; font-stretch: inherit; line-height: 1.4; font-optical-sizing: inherit; font-kerning: inherit; font-feature-settings: inherit; font-variation-settings: inherit; font-family: 'Open Sans', sans-serif; font-size: 20px; font-style: normal; color: #333333;\"><span style=\"font-size: 13px; font-style: inherit; color: var( --e-global-color-text ); font-family: Poppins, sans-serif; text-align: var(--text-align); background-color: var(--ast-global-color-5);\">Nom du site web : lemondedezofia<\/span><\/h2><\/div><\/div><div data-id=\"888e655\" data-element_type=\"widget\" data-widget_type=\"text-editor.default\"><div><p>Adresse du site web : https:\/\/lemondedezofia.fr<\/p><\/div><p>Propri\u00e9taire : Le Monde de Zofia &#8211; Corine Cantiran<br \/>Conception et maintenance du site : EI Eveilla Communication\u00a0 &#8211; eveillacommunication@gmail.com (24 &#8211; Dordogne)<br \/>H\u00e9bergement : OVH &#8211; 2 rue Kellermann 59100 Roubaix<\/p><\/div><p><strong>SARL LE MONDE DE ZOFIA<\/strong>\u00a0<\/p><p>SIRET 520 328 196 00024 &#8211; N\u00b0 TVA : FR72\u00a0<span style=\"color: var( --e-global-color-text ); text-align: var(--text-align); background-color: var(--ast-global-color-5);\">520 328 196 00024<\/span><\/p><p><span style=\"color: var( --e-global-color-text ); text-align: var(--text-align); background-color: var(--ast-global-color-5);\">05 53 63 50 90 &#8211; lemondedezofia@gmail.com &#8211; 12 rue du Mourrier 24100 Bergerac<\/span><\/p>\t\t\t\t\t\t\t\t<\/div>\n\t\t\t\t<\/div>\n\t\t\t\t<div class=\"elementor-element elementor-element-63f8fdf exad-sticky-section-no exad-glass-effect-no elementor-widget elementor-widget-heading\" data-id=\"63f8fdf\" data-element_type=\"widget\" data-e-type=\"widget\" data-widget_type=\"heading.default\">\n\t\t\t\t<div class=\"elementor-widget-container\">\n\t\t\t\t\t<h2 class=\"elementor-heading-title elementor-size-default\">CONTENUS DU SITE INTERNET<\/h2>\t\t\t\t<\/div>\n\t\t\t\t<\/div>\n\t\t\t\t<div class=\"elementor-element elementor-element-330072f exad-sticky-section-no exad-glass-effect-no elementor-widget elementor-widget-text-editor\" data-id=\"330072f\" data-element_type=\"widget\" data-e-type=\"widget\" data-widget_type=\"text-editor.default\">\n\t\t\t\t<div class=\"elementor-widget-container\">\n\t\t\t\t\t\t\t\t\t<div data-id=\"b8dac14\" data-element_type=\"widget\" data-widget_type=\"heading.default\"><div><h5 style=\"font-variant-numeric: inherit; font-variant-east-asian: inherit; font-variant-alternates: inherit; font-stretch: inherit; line-height: 1.4; font-optical-sizing: inherit; font-kerning: inherit; font-feature-settings: inherit; font-variation-settings: inherit; font-family: 'Open Sans', sans-serif; font-size: 20px; font-style: normal; color: #333333;\"><span style=\"font-size: 18px; text-align: var(--text-align); background-color: var(--ast-global-color-5);\">RESPECT DE LA PROPRIETE INTELLECTUELLE\u00a0<\/span><\/h5><\/div><\/div><div data-id=\"888e655\" data-element_type=\"widget\" data-widget_type=\"text-editor.default\"><div><div><p>Toutes les marques, photographies, textes, commentaires, illustrations, images anim\u00e9es ou non, s\u00e9quences vid\u00e9o, sons, ainsi que toutes les applications informatiques qui pourraient \u00eatre utilis\u00e9es pour faire fonctionner le Site et plus g\u00e9n\u00e9ralement tous les \u00e9l\u00e9ments reproduits ou utilis\u00e9s sur le Site sont prot\u00e9g\u00e9s par les lois en vigueur au titre de la propri\u00e9t\u00e9 intellectuelle.<\/p><p>Ils sont la propri\u00e9t\u00e9 pleine et enti\u00e8re de l\u2019Editeur ou de ses partenaires, sauf mentions particuli\u00e8res. Toute reproduction, repr\u00e9sentation, utilisation ou adaptation, sous quelque forme que ce soit, de tout ou partie de ces \u00e9l\u00e9ments, y compris les applications informatiques, sans l\u2019accord pr\u00e9alable et \u00e9crit de l\u2019Editeur, sont strictement interdites. Le fait pour l\u2019Editeur de ne pas engager de proc\u00e9dure d\u00e8s la prise de connaissance de ces utilisations non autoris\u00e9es ne vaut pas acceptation desdites utilisations et renonciation aux poursuites.<\/p><p>Seule l\u2019utilisation pour un usage priv\u00e9 dans un cercle de famille est autoris\u00e9e et toute autre utilisation est constitutive de contrefa\u00e7on et\/ou d\u2019atteinte aux droits voisins, sanctionn\u00e9es par Code de la propri\u00e9t\u00e9 intellectuelle.<\/p><p>La reprise de tout ou partie de ce contenu n\u00e9cessite l\u2019autorisation pr\u00e9alable de l\u2019Editeur ou du titulaire des droits sur ce contenu.<\/p><\/div><\/div><\/div><div data-id=\"7949a86\" data-element_type=\"widget\" data-widget_type=\"heading.default\"><div><h3 style=\"font-size: 18px; font-style: normal; color: #333333; font-family: 'Open Sans', sans-serif; font-variant-numeric: inherit; font-variant-east-asian: inherit; font-variant-alternates: inherit; font-stretch: inherit; font-optical-sizing: inherit; font-kerning: inherit; font-feature-settings: inherit; font-variation-settings: inherit;\">LIENS HYPERTEXTES\u00a0\u00a0<\/h3><\/div><\/div><div data-id=\"1a5f159\" data-element_type=\"widget\" data-widget_type=\"text-editor.default\"><div><div><p>Le Site peut contenir des liens hypertexte donnant acc\u00e8s \u00e0 d\u2019autres sites web \u00e9dit\u00e9s et g\u00e9r\u00e9s par des tiers et non par l\u2019Editeur. L\u2019Editeur ne pourra \u00eatre tenu responsable directement ou indirectement dans le cas o\u00f9 lesdits sites tiers ne respecteraient pas les dispositions l\u00e9gales.\u00a0<\/p><\/div><\/div><\/div>\t\t\t\t\t\t\t\t<\/div>\n\t\t\t\t<\/div>\n\t\t\t\t<div class=\"elementor-element elementor-element-178bf19 exad-sticky-section-no exad-glass-effect-no elementor-widget elementor-widget-heading\" data-id=\"178bf19\" data-element_type=\"widget\" data-e-type=\"widget\" data-widget_type=\"heading.default\">\n\t\t\t\t<div class=\"elementor-widget-container\">\n\t\t\t\t\t<h2 class=\"elementor-heading-title elementor-size-default\">Politique de confidentialit\u00e9 et cookies<\/h2>\t\t\t\t<\/div>\n\t\t\t\t<\/div>\n\t\t\t\t<div class=\"elementor-element elementor-element-1c34c2d exad-sticky-section-no exad-glass-effect-no elementor-widget elementor-widget-text-editor\" data-id=\"1c34c2d\" data-element_type=\"widget\" data-e-type=\"widget\" data-widget_type=\"text-editor.default\">\n\t\t\t\t<div class=\"elementor-widget-container\">\n\t\t\t\t\t\t\t\t\t<div data-id=\"b8dac14\" data-element_type=\"widget\" data-widget_type=\"heading.default\"><div><h5 style=\"font-variant-numeric: inherit; font-variant-east-asian: inherit; font-variant-alternates: inherit; font-stretch: inherit; line-height: 1.4; font-optical-sizing: inherit; font-kerning: inherit; font-feature-settings: inherit; font-variation-settings: inherit; font-family: 'Open Sans', sans-serif; font-size: 20px; font-style: normal; color: #333333;\"><span style=\"font-size: 18px; text-align: var(--text-align); background-color: var(--ast-global-color-5);\">COLLECTE DE L&rsquo;INFORMATION ET UTILISATION<\/span><\/h5><\/div><\/div><div data-id=\"888e655\" data-element_type=\"widget\" data-widget_type=\"text-editor.default\"><div><div><p>Nous reccueillons des informations lorsque vous vous inscrivez \u00e0 la newsletter via le formulaire de contact. Les informations reccueillies inclues votre nom, pr\u00e9nom et e-mail. Ces informations sont enregistr\u00e9es automatiquement dans notre boite mail et sont utilis\u00e9es pour vous contacter par e-mail \u00e0 des fins de communication.<\/p><p>Par d\u00e9faut et sauf maintien de la relation contractuelle, vos donn\u00e9es personnelles seront d\u00e9truites au bout de 3 ans. A tout moment, dans le cas d&rsquo;un d\u00e9sabonnement, vous pouvez demander la suppression expresse de toutes les donn\u00e9es personnelles vous concernant par e-mail \u00e0 lemondedezofia@gmail.com.<\/p><p>Tout utilisateur dispose d&rsquo;un droit d&rsquo;acc\u00e8s, de rectification et d&rsquo;opposition aux donn\u00e9es personnelles le concernant, en effectuant sa demande \u00e9crite et sign\u00e9e.<\/p><h5 style=\"font-size: 20px; font-style: normal; color: #333333; line-height: 1.4; font-family: 'Open Sans', sans-serif; font-variant-numeric: inherit; font-variant-east-asian: inherit; font-variant-alternates: inherit; font-stretch: inherit; font-optical-sizing: inherit; font-kerning: inherit; font-feature-settings: inherit; font-variation-settings: inherit;\"><span style=\"font-size: 18px; text-align: var(--text-align); background-color: var(--ast-global-color-5);\">COMMENTAIRES<\/span><\/h5><div>Il n&rsquo;est pas possible de laisser de commentaire sur le site.<\/div><div>\u00a0<\/div><div><h5 style=\"font-style: normal; color: #333333; line-height: 1.4; font-family: 'Open Sans', sans-serif; font-variant-numeric: inherit; font-variant-east-asian: inherit; font-variant-alternates: inherit; font-stretch: inherit; font-optical-sizing: inherit; font-kerning: inherit; font-feature-settings: inherit; font-variation-settings: inherit;\">TRANSFERT DE DONNEES<\/h5><\/div><\/div><\/div><\/div><div data-id=\"1a5f159\" data-element_type=\"widget\" data-widget_type=\"text-editor.default\"><div><div>\u00a0Les informations personnelles identifiables ne sont ni vendues, ni \u00e9chang\u00e9es. Elles sont uniquement transf\u00e9r\u00e9es \u00e0 l&rsquo;entreprise Eveilla Communication, gestionnaire par d\u00e9l\u00e9gation de la cr\u00e9ation et de l&rsquo;envoi des Newsletters, qui a pour obligation de garder ces informations confidentielles.<\/div><div>A titre exceptionnel, lorsque la loi ou les autorit\u00e9s judiciaires l&rsquo;exigent, ces informations seront partag\u00e9es avec les autorit\u00e9s comp\u00e9tentes.<\/div><div>\u00a0<\/div><div><h5 style=\"font-style: normal; color: #333333; line-height: 1.4; font-family: 'Open Sans', sans-serif; font-variant-numeric: inherit; font-variant-east-asian: inherit; font-variant-alternates: inherit; font-stretch: inherit; font-optical-sizing: inherit; font-kerning: inherit; font-feature-settings: inherit; font-variation-settings: inherit;\">PROTECTION DES INFORMATIONS<\/h5><div>Vos donn\u00e9es sont prot\u00e9g\u00e9es par un stockage hors ligne. Les ordinateurs et serveurs utilis\u00e9s pour le stockage des informations personnelles identifiables se trouvent dans un environnement s\u00e9curis\u00e9.<\/div><div>En cas de vol des donn\u00e9es stock\u00e9es, toutes les actions possibles seraient men\u00e9es afin de les r\u00e9cup\u00e9rer et mettre fin aux agissements de ses auteurs.<\/div><div>\u00a0<\/div><\/div><div><h5 style=\"font-variant-numeric: inherit; font-variant-east-asian: inherit; font-variant-alternates: inherit; font-stretch: inherit; line-height: 1.4; font-optical-sizing: inherit; font-kerning: inherit; font-feature-settings: inherit; font-variation-settings: inherit; font-family: 'Open Sans', sans-serif; font-size: 20px; font-style: normal; color: #333333;\"><span style=\"font-size: 18px; text-align: var(--text-align); background-color: var(--ast-global-color-5);\">COOKIES<\/span><\/h5><div>Le site utilise des cookies de performance et de ciblage. Par cons\u00e9quent, lors de votre navigation, vous acceptez l&rsquo;utilisation de Cookies ou autres traceurs.<span style=\"font-size: 18px; text-align: var(--text-align); background-color: var(--ast-global-color-5);\"><br \/><\/span><\/div><div>Ces cookies sont pr\u00e9sents pour am\u00e9liorer l&rsquo;exp\u00e9rience des utilisateurs en permettant au site de fonctionner de mani\u00e8re efficace et simple : ils facilitent la navigation sur le site.<\/div><div>Par exemple, lors de l&rsquo;enregistrement d&rsquo;informations via le formulaire de contact, celles-ci sont m\u00e9moris\u00e9es pour \u00eatre r\u00e9-utilis\u00e9es ult\u00e9rieurement lors d&rsquo;un nouvel envoi.<\/div><div>\u00a0<\/div><div>Vous pouvez d\u00e9sactiver les cookies pr\u00e9sents sur ce site en consultant les param\u00e8tres de votre navigateur et en choissant de bloquer les cookies.<\/div><div>\u00a0<\/div><div><h5>CONSENTEMENT<\/h5><div>En naviguant sur ce site, vous consentez \u00e0 notre politique de confidentialit\u00e9.<\/div><\/div><\/div><\/div><\/div>\t\t\t\t\t\t\t\t<\/div>\n\t\t\t\t<\/div>\n\t\t\t\t\t<\/div>\n\t\t\t\t<\/div>\n\t\t\t\t<\/div>\n\t\t","protected":false},"excerpt":{"rendered":"<p>Mentions l\u00e9gales IDENTITE Nom du site web : lemondedezofia Adresse du site web : https:\/\/lemondedezofia.fr Propri\u00e9taire : Le Monde de Zofia &#8211; Corine CantiranConception et maintenance du site : EI Eveilla Communication\u00a0 &#8211; eveillacommunication@gmail.com (24 &#8211; Dordogne)H\u00e9bergement : OVH &#8211; 2 rue Kellermann 59100 Roubaix SARL LE MONDE DE ZOFIA\u00a0 SIRET 520 328 196 00024 [&hellip;]<\/p>\n","protected":false},"author":1,"featured_media":0,"parent":0,"menu_order":0,"comment_status":"closed","ping_status":"closed","template":"","meta":{"site-sidebar-layout":"no-sidebar","site-content-layout":"page-builder","ast-site-content-layout":"","site-content-style":"default","site-sidebar-style":"default","ast-global-header-display":"","ast-banner-title-visibility":"","ast-main-header-display":"","ast-hfb-above-header-display":"","ast-hfb-below-header-display":"","ast-hfb-mobile-header-display":"","site-post-title":"disabled","ast-breadcrumbs-content":"","ast-featured-img":"disabled","footer-sml-layout":"","theme-transparent-header-meta":"","adv-header-id-meta":"","stick-header-meta":"","header-above-stick-meta":"","header-main-stick-meta":"","header-below-stick-meta":"","astra-migrate-meta-layouts":"default","ast-page-background-enabled":"default","ast-page-background-meta":{"desktop":{"background-color":"var(--ast-global-color-4)","background-image":"","background-repeat":"repeat","background-position":"center center","background-size":"auto","background-attachment":"scroll","background-type":"","background-media":"","overlay-type":"","overlay-color":"","overlay-opacity":"","overlay-gradient":""},"tablet":{"background-color":"","background-image":"","background-repeat":"repeat","background-position":"center center","background-size":"auto","background-attachment":"scroll","background-type":"","background-media":"","overlay-type":"","overlay-color":"","overlay-opacity":"","overlay-gradient":""},"mobile":{"background-color":"","background-image":"","background-repeat":"repeat","background-position":"center center","background-size":"auto","background-attachment":"scroll","background-type":"","background-media":"","overlay-type":"","overlay-color":"","overlay-opacity":"","overlay-gradient":""}},"ast-content-background-meta":{"desktop":{"background-color":"var(--ast-global-color-5)","background-image":"","background-repeat":"repeat","background-position":"center center","background-size":"auto","background-attachment":"scroll","background-type":"","background-media":"","overlay-type":"","overlay-color":"","overlay-opacity":"","overlay-gradient":""},"tablet":{"background-color":"var(--ast-global-color-5)","background-image":"","background-repeat":"repeat","background-position":"center center","background-size":"auto","background-attachment":"scroll","background-type":"","background-media":"","overlay-type":"","overlay-color":"","overlay-opacity":"","overlay-gradient":""},"mobile":{"background-color":"var(--ast-global-color-5)","background-image":"","background-repeat":"repeat","background-position":"center center","background-size":"auto","background-attachment":"scroll","background-type":"","background-media":"","overlay-type":"","overlay-color":"","overlay-opacity":"","overlay-gradient":""}},"footnotes":""},"class_list":["post-909","page","type-page","status-publish","hentry"],"yoast_head":"<!-- This site is optimized with the Yoast SEO plugin v27.3 - https:\/\/yoast.com\/product\/yoast-seo-wordpress\/ -->\n<title>Mentions l\u00e9gales - Le Monde de Zofia<\/title>\n<meta name=\"robots\" content=\"index, follow, max-snippet:-1, max-image-preview:large, max-video-preview:-1\" \/>\n<link rel=\"canonical\" href=\"https:\/\/www.lemondedezofia.fr\/index.php\/mentions-legales\/\" \/>\n<meta property=\"og:locale\" content=\"fr_FR\" \/>\n<meta property=\"og:type\" content=\"article\" \/>\n<meta property=\"og:title\" content=\"Mentions l\u00e9gales - Le Monde de Zofia\" \/>\n<meta property=\"og:description\" content=\"Mentions l\u00e9gales IDENTITE Nom du site web : lemondedezofia Adresse du site web : https:\/\/lemondedezofia.fr Propri\u00e9taire : Le Monde de Zofia &#8211; Corine CantiranConception et maintenance du site : EI Eveilla Communication\u00a0 &#8211; eveillacommunication@gmail.com (24 &#8211; Dordogne)H\u00e9bergement : OVH &#8211; 2 rue Kellermann 59100 Roubaix SARL LE MONDE DE ZOFIA\u00a0 SIRET 520 328 196 00024 [&hellip;]\" \/>\n<meta property=\"og:url\" content=\"https:\/\/www.lemondedezofia.fr\/index.php\/mentions-legales\/\" \/>\n<meta property=\"og:site_name\" content=\"Le Monde de Zofia\" \/>\n<meta property=\"article:publisher\" content=\"https:\/\/www.facebook.com\/lemondedezofia\" \/>\n<meta property=\"article:modified_time\" content=\"2023-06-14T17:49:05+00:00\" \/>\n<meta property=\"og:image\" content=\"https:\/\/www.lemondedezofia.fr\/wp-content\/uploads\/2023\/06\/monde_zofia_carre_page-0001.jpg\" \/>\n\t<meta property=\"og:image:width\" content=\"1182\" \/>\n\t<meta property=\"og:image:height\" content=\"1182\" \/>\n\t<meta property=\"og:image:type\" content=\"image\/jpeg\" \/>\n<meta name=\"twitter:card\" content=\"summary_large_image\" \/>\n<meta name=\"twitter:label1\" content=\"Dur\u00e9e de lecture estim\u00e9e\" \/>\n\t<meta name=\"twitter:data1\" content=\"4 minutes\" \/>\n<script type=\"application\/ld+json\" class=\"yoast-schema-graph\">{\"@context\":\"https:\\\/\\\/schema.org\",\"@graph\":[{\"@type\":\"WebPage\",\"@id\":\"https:\\\/\\\/www.lemondedezofia.fr\\\/index.php\\\/mentions-legales\\\/\",\"url\":\"https:\\\/\\\/www.lemondedezofia.fr\\\/index.php\\\/mentions-legales\\\/\",\"name\":\"Mentions l\u00e9gales - Le Monde de Zofia\",\"isPartOf\":{\"@id\":\"https:\\\/\\\/www.lemondedezofia.fr\\\/#website\"},\"datePublished\":\"2023-06-14T17:43:47+00:00\",\"dateModified\":\"2023-06-14T17:49:05+00:00\",\"breadcrumb\":{\"@id\":\"https:\\\/\\\/www.lemondedezofia.fr\\\/index.php\\\/mentions-legales\\\/#breadcrumb\"},\"inLanguage\":\"fr-FR\",\"potentialAction\":[{\"@type\":\"ReadAction\",\"target\":[\"https:\\\/\\\/www.lemondedezofia.fr\\\/index.php\\\/mentions-legales\\\/\"]}]},{\"@type\":\"BreadcrumbList\",\"@id\":\"https:\\\/\\\/www.lemondedezofia.fr\\\/index.php\\\/mentions-legales\\\/#breadcrumb\",\"itemListElement\":[{\"@type\":\"ListItem\",\"position\":1,\"name\":\"Accueil\",\"item\":\"https:\\\/\\\/www.lemondedezofia.fr\\\/\"},{\"@type\":\"ListItem\",\"position\":2,\"name\":\"Mentions l\u00e9gales\"}]},{\"@type\":\"WebSite\",\"@id\":\"https:\\\/\\\/www.lemondedezofia.fr\\\/#website\",\"url\":\"https:\\\/\\\/www.lemondedezofia.fr\\\/\",\"name\":\"lemondedezofia\",\"description\":\"\",\"publisher\":{\"@id\":\"https:\\\/\\\/www.lemondedezofia.fr\\\/#organization\"},\"potentialAction\":[{\"@type\":\"SearchAction\",\"target\":{\"@type\":\"EntryPoint\",\"urlTemplate\":\"https:\\\/\\\/www.lemondedezofia.fr\\\/?s={search_term_string}\"},\"query-input\":{\"@type\":\"PropertyValueSpecification\",\"valueRequired\":true,\"valueName\":\"search_term_string\"}}],\"inLanguage\":\"fr-FR\"},{\"@type\":\"Organization\",\"@id\":\"https:\\\/\\\/www.lemondedezofia.fr\\\/#organization\",\"name\":\"lemondedezofia\",\"alternateName\":\"Le Monde de Zofia\",\"url\":\"https:\\\/\\\/www.lemondedezofia.fr\\\/\",\"logo\":{\"@type\":\"ImageObject\",\"inLanguage\":\"fr-FR\",\"@id\":\"https:\\\/\\\/www.lemondedezofia.fr\\\/#\\\/schema\\\/logo\\\/image\\\/\",\"url\":\"https:\\\/\\\/www.lemondedezofia.fr\\\/wp-content\\\/uploads\\\/2023\\\/06\\\/monde_zofia_carre_page-0001.jpg\",\"contentUrl\":\"https:\\\/\\\/www.lemondedezofia.fr\\\/wp-content\\\/uploads\\\/2023\\\/06\\\/monde_zofia_carre_page-0001.jpg\",\"width\":1182,\"height\":1182,\"caption\":\"lemondedezofia\"},\"image\":{\"@id\":\"https:\\\/\\\/www.lemondedezofia.fr\\\/#\\\/schema\\\/logo\\\/image\\\/\"},\"sameAs\":[\"https:\\\/\\\/www.facebook.com\\\/lemondedezofia\",\"https:\\\/\\\/instagram.com\\\/le_monde_de_zofia?igshid=YmM0MjE2YWMzOA==\"]}]}<\/script>\n<!-- \/ Yoast SEO plugin. -->","yoast_head_json":{"title":"Mentions l\u00e9gales - Le Monde de Zofia","robots":{"index":"index","follow":"follow","max-snippet":"max-snippet:-1","max-image-preview":"max-image-preview:large","max-video-preview":"max-video-preview:-1"},"canonical":"https:\/\/www.lemondedezofia.fr\/index.php\/mentions-legales\/","og_locale":"fr_FR","og_type":"article","og_title":"Mentions l\u00e9gales - Le Monde de Zofia","og_description":"Mentions l\u00e9gales IDENTITE Nom du site web : lemondedezofia Adresse du site web : https:\/\/lemondedezofia.fr Propri\u00e9taire : Le Monde de Zofia &#8211; Corine CantiranConception et maintenance du site : EI Eveilla Communication\u00a0 &#8211; eveillacommunication@gmail.com (24 &#8211; Dordogne)H\u00e9bergement : OVH &#8211; 2 rue Kellermann 59100 Roubaix SARL LE MONDE DE ZOFIA\u00a0 SIRET 520 328 196 00024 [&hellip;]","og_url":"https:\/\/www.lemondedezofia.fr\/index.php\/mentions-legales\/","og_site_name":"Le Monde de Zofia","article_publisher":"https:\/\/www.facebook.com\/lemondedezofia","article_modified_time":"2023-06-14T17:49:05+00:00","og_image":[{"width":1182,"height":1182,"url":"https:\/\/www.lemondedezofia.fr\/wp-content\/uploads\/2023\/06\/monde_zofia_carre_page-0001.jpg","type":"image\/jpeg"}],"twitter_card":"summary_large_image","twitter_misc":{"Dur\u00e9e de lecture estim\u00e9e":"4 minutes"},"schema":{"@context":"https:\/\/schema.org","@graph":[{"@type":"WebPage","@id":"https:\/\/www.lemondedezofia.fr\/index.php\/mentions-legales\/","url":"https:\/\/www.lemondedezofia.fr\/index.php\/mentions-legales\/","name":"Mentions l\u00e9gales - Le Monde de Zofia","isPartOf":{"@id":"https:\/\/www.lemondedezofia.fr\/#website"},"datePublished":"2023-06-14T17:43:47+00:00","dateModified":"2023-06-14T17:49:05+00:00","breadcrumb":{"@id":"https:\/\/www.lemondedezofia.fr\/index.php\/mentions-legales\/#breadcrumb"},"inLanguage":"fr-FR","potentialAction":[{"@type":"ReadAction","target":["https:\/\/www.lemondedezofia.fr\/index.php\/mentions-legales\/"]}]},{"@type":"BreadcrumbList","@id":"https:\/\/www.lemondedezofia.fr\/index.php\/mentions-legales\/#breadcrumb","itemListElement":[{"@type":"ListItem","position":1,"name":"Accueil","item":"https:\/\/www.lemondedezofia.fr\/"},{"@type":"ListItem","position":2,"name":"Mentions l\u00e9gales"}]},{"@type":"WebSite","@id":"https:\/\/www.lemondedezofia.fr\/#website","url":"https:\/\/www.lemondedezofia.fr\/","name":"lemondedezofia","description":"","publisher":{"@id":"https:\/\/www.lemondedezofia.fr\/#organization"},"potentialAction":[{"@type":"SearchAction","target":{"@type":"EntryPoint","urlTemplate":"https:\/\/www.lemondedezofia.fr\/?s={search_term_string}"},"query-input":{"@type":"PropertyValueSpecification","valueRequired":true,"valueName":"search_term_string"}}],"inLanguage":"fr-FR"},{"@type":"Organization","@id":"https:\/\/www.lemondedezofia.fr\/#organization","name":"lemondedezofia","alternateName":"Le Monde de Zofia","url":"https:\/\/www.lemondedezofia.fr\/","logo":{"@type":"ImageObject","inLanguage":"fr-FR","@id":"https:\/\/www.lemondedezofia.fr\/#\/schema\/logo\/image\/","url":"https:\/\/www.lemondedezofia.fr\/wp-content\/uploads\/2023\/06\/monde_zofia_carre_page-0001.jpg","contentUrl":"https:\/\/www.lemondedezofia.fr\/wp-content\/uploads\/2023\/06\/monde_zofia_carre_page-0001.jpg","width":1182,"height":1182,"caption":"lemondedezofia"},"image":{"@id":"https:\/\/www.lemondedezofia.fr\/#\/schema\/logo\/image\/"},"sameAs":["https:\/\/www.facebook.com\/lemondedezofia","https:\/\/instagram.com\/le_monde_de_zofia?igshid=YmM0MjE2YWMzOA=="]}]}},"jetpack_sharing_enabled":true,"_links":{"self":[{"href":"https:\/\/www.lemondedezofia.fr\/index.php\/wp-json\/wp\/v2\/pages\/909","targetHints":{"allow":["GET"]}}],"collection":[{"href":"https:\/\/www.lemondedezofia.fr\/index.php\/wp-json\/wp\/v2\/pages"}],"about":[{"href":"https:\/\/www.lemondedezofia.fr\/index.php\/wp-json\/wp\/v2\/types\/page"}],"author":[{"embeddable":true,"href":"https:\/\/www.lemondedezofia.fr\/index.php\/wp-json\/wp\/v2\/users\/1"}],"replies":[{"embeddable":true,"href":"https:\/\/www.lemondedezofia.fr\/index.php\/wp-json\/wp\/v2\/comments?post=909"}],"version-history":[{"count":4,"href":"https:\/\/www.lemondedezofia.fr\/index.php\/wp-json\/wp\/v2\/pages\/909\/revisions"}],"predecessor-version":[{"id":913,"href":"https:\/\/www.lemondedezofia.fr\/index.php\/wp-json\/wp\/v2\/pages\/909\/revisions\/913"}],"wp:attachment":[{"href":"https:\/\/www.lemondedezofia.fr\/index.php\/wp-json\/wp\/v2\/media?parent=909"}],"curies":[{"name":"wp","href":"https:\/\/api.w.org\/{rel}","templated":true}]}}